{"id":187,"date":"2024-02-23T08:50:53","date_gmt":"2024-02-23T08:50:53","guid":{"rendered":"https:\/\/haitianpm.com\/produktstrategie\/"},"modified":"2025-01-15T14:24:33","modified_gmt":"2025-01-15T14:24:33","slug":"produktstrategie","status":"publish","type":"page","link":"https:\/\/haitianpm.com\/de\/produkte\/produktstrategie\/","title":{"rendered":"Produktstrategie"},"content":{"rendered":"<p>[et_pb_section fb_built=&#8220;1&#8243; fullwidth=&#8220;on&#8220; module_class=&#8220;teaser-image-under-text&#8220; _builder_version=&#8220;4.22.2&#8243; _module_preset=&#8220;default&#8220; locked=&#8220;off&#8220; global_colors_info=&#8220;{}&#8220;][et_pb_fullwidth_header title=&#8220;Unsere Produktstrategie  &#8220; subhead=&#8220;&quot;Technologie auf den Punkt&quot;&#8220; text_orientation=&#8220;center&#8220; header_fullscreen=&#8220;on&#8220; header_image_url=&#8220;https:\/\/haitianinter.com\/wp-content\/uploads\/sites\/3\/2024\/03\/Haitian_Product_Strategy_Teaser.jpg&#8220; image_orientation=&#8220;bottom&#8220; _builder_version=&#8220;4.23.1&#8243; _module_preset=&#8220;default&#8220; background_enable_color=&#8220;off&#8220; background_layout=&#8220;light&#8220; global_colors_info=&#8220;{}&#8220;][\/et_pb_fullwidth_header][\/et_pb_section][et_pb_section fb_built=&#8220;1&#8243; admin_label=&#8220;Section with 3 Icons only without Text&#8220; module_class=&#8220;section-content-center noMargin-bottom noMargin-top&#8220; _builder_version=&#8220;4.23.1&#8243; _module_preset=&#8220;default&#8220; locked=&#8220;off&#8220; global_colors_info=&#8220;{}&#8220;][et_pb_row module_class=&#8220;icons-only-3Columns&#8220; _builder_version=&#8220;4.23.1&#8243; _module_preset=&#8220;default&#8220; global_colors_info=&#8220;{}&#8220;][et_pb_column type=&#8220;4_4&#8243; _builder_version=&#8220;4.22.2&#8243; _module_preset=&#8220;default&#8220; global_colors_info=&#8220;{}&#8220;][et_pb_blurb image=&#8220;https:\/\/haitianinter.com\/wp-content\/uploads\/sites\/3\/2024\/03\/Icon_smart_400.png&#8220; _builder_version=&#8220;4.23.1&#8243; _module_preset=&#8220;default&#8220; text_orientation=&#8220;center&#8220; global_colors_info=&#8220;{}&#8220;][\/et_pb_blurb][et_pb_blurb image=&#8220;https:\/\/haitianinter.com\/wp-content\/uploads\/sites\/3\/2024\/03\/Icon_flexible_400.png&#8220; admin_label=&#8220;Informationstext&#8220; _builder_version=&#8220;4.23.1&#8243; _module_preset=&#8220;default&#8220; text_orientation=&#8220;center&#8220; global_colors_info=&#8220;{}&#8220;][\/et_pb_blurb][et_pb_blurb image=&#8220;https:\/\/haitianinter.com\/wp-content\/uploads\/sites\/3\/2024\/03\/Icon_solutions_400.png&#8220; _builder_version=&#8220;4.23.1&#8243; _module_preset=&#8220;default&#8220; text_orientation=&#8220;center&#8220; global_colors_info=&#8220;{}&#8220;][\/et_pb_blurb][\/et_pb_column][\/et_pb_row][\/et_pb_section][et_pb_section fb_built=&#8220;1&#8243; module_class=&#8220;noMargin-top noPadding-top&#8220; _builder_version=&#8220;4.23.1&#8243; _module_preset=&#8220;default&#8220; locked=&#8220;off&#8220; global_colors_info=&#8220;{}&#8220;][et_pb_row module_class=&#8220;row-text-center&#8220; _builder_version=&#8220;4.23.1&#8243; _module_preset=&#8220;default&#8220; global_colors_info=&#8220;{}&#8220;][et_pb_column type=&#8220;4_4&#8243; _builder_version=&#8220;4.23.1&#8243; _module_preset=&#8220;default&#8220; global_colors_info=&#8220;{}&#8220;][et_pb_text _builder_version=&#8220;4.23.1&#8243; _module_preset=&#8220;default&#8220; hover_enabled=&#8220;0&#8243; global_colors_info=&#8220;{}&#8220; sticky_enabled=&#8220;0&#8243;]<\/p>\n<h5><span>Neuentwicklungen und Produktinnovationen orientieren sich strikt an den Kundenanforderungen im jeweiligen Anwendungskontext, ohne dass zus\u00e4tzliche Kosten entstehen.<br \/>\nJ\u00fcngstes Vorzeigeprojekt ist unser <\/span>  f\u00fcnfte Technologiegeneration: kontinuierliche Qualit\u00e4ts- und Effizienzverbesserungen, digitale Intelligenz und nachhaltige L\u00f6sungen.<\/h5>\n<p>[\/et_pb_text][\/et_pb_column][\/et_pb_row][\/et_pb_section][et_pb_section fb_built=&#8220;1&#8243; admin_label=&#8220;Section\/Teaserbox with Text and Image&#8220; module_class=&#8220;section-text-image-box-withIcon noPadding-bottom&#8220; _builder_version=&#8220;4.23.1&#8243; locked=&#8220;off&#8220; global_colors_info=&#8220;{}&#8220;][et_pb_row column_structure=&#8220;1_2,1_2&#8243; make_equal=&#8220;on&#8220; admin_label=&#8220;Zeile&#8220; _builder_version=&#8220;4.23.1&#8243; background_size=&#8220;initial&#8220; background_position=&#8220;top_left&#8220; background_repeat=&#8220;repeat&#8220; min_height_tablet=&#8220;&#8220; min_height_phone=&#8220;&#8220; min_height_last_edited=&#8220;on|desktop&#8220; custom_padding=&#8220;0px||0px||true|false&#8220; global_colors_info=&#8220;{}&#8220;][et_pb_column type=&#8220;1_2&#8243; module_class=&#8220;background&#8220; _builder_version=&#8220;4.23.1&#8243; background_enable_image=&#8220;off&#8220; background_video_mp4=&#8220;https:\/\/haitianinter.com\/wp-content\/uploads\/sites\/3\/2024\/03\/Smart-Technology.mp4&#8243; custom_padding=&#8220;|||&#8220; global_colors_info=&#8220;{}&#8220; custom_padding__hover=&#8220;|||&#8220;][\/et_pb_column][et_pb_column type=&#8220;1_2&#8243; _builder_version=&#8220;4.22.2&#8243; global_colors_info=&#8220;{}&#8220; custom_padding__hover=&#8220;|||&#8220;][et_pb_blurb image=&#8220;https:\/\/haitianinter.com\/wp-content\/uploads\/sites\/3\/2024\/03\/Icon_smart_400.png&#8220; image_icon_width=&#8220;30%&#8220; icon_alignment=&#8220;left&#8220; _builder_version=&#8220;4.23.1&#8243; _module_preset=&#8220;default&#8220; header_level=&#8220;h6&#8243; image_icon_custom_margin=&#8220;||0px||false|false&#8220; global_colors_info=&#8220;{}&#8220;]<\/p>\n<h4>Intelligente Technologie<\/h4>\n<h5>Haitian kombiniert innovative Hardware in seinen Maschinen mit digitaler Intelligenz durch KI und Sensoren f\u00fcr eine effizientere Produktion.<br \/>\nWir streben nach Innovation, um die Betriebskosten zu senken und die Effizienz zu steigern, und wollen gemeinsam mit unseren Kunden eine intelligente Zukunft gestalten. <\/h5>\n<p>[\/et_pb_blurb][\/et_pb_column][\/et_pb_row][\/et_pb_section][et_pb_section fb_built=&#8220;1&#8243; admin_label=&#8220;Section\/Teaserbox with Text and Image&#8220; module_class=&#8220;section-text-image-box-withIcon noPadding-top noPadding-bottom&#8220; _builder_version=&#8220;4.23.1&#8243; locked=&#8220;off&#8220; global_colors_info=&#8220;{}&#8220;][et_pb_row column_structure=&#8220;1_2,1_2&#8243; make_equal=&#8220;on&#8220; admin_label=&#8220;Zeile&#8220; module_class=&#8220;reverse&#8220; _builder_version=&#8220;4.23.1&#8243; background_size=&#8220;initial&#8220; background_position=&#8220;top_left&#8220; background_repeat=&#8220;repeat&#8220; min_height=&#8220;300px&#8220; custom_margin=&#8220;||||false&#8220; custom_padding=&#8220;0px||0px||true|false&#8220; global_colors_info=&#8220;{}&#8220;][et_pb_column type=&#8220;1_2&#8243; _builder_version=&#8220;4.22.2&#8243; background_enable_image=&#8220;off&#8220; global_colors_info=&#8220;{}&#8220; custom_padding__hover=&#8220;|||&#8220;][et_pb_blurb image=&#8220;https:\/\/haitianinter.com\/wp-content\/uploads\/sites\/3\/2024\/03\/Icon_flexible_400.png&#8220; image_icon_width=&#8220;30%&#8220; icon_alignment=&#8220;left&#8220; _builder_version=&#8220;4.23.1&#8243; _module_preset=&#8220;default&#8220; header_level=&#8220;h6&#8243; image_icon_custom_margin=&#8220;||0px||false|false&#8220; global_colors_info=&#8220;{}&#8220;]<\/p>\n<h4>Flexible Integration<\/h4>\n<h5>Unsere Maschinen bieten offene Integration f\u00fcr Peripherie- und Automationssysteme und bilden so ein Produktions-\u00d6kosystem, das Daten \u00fcber Anlagenstatus, Produktion, Prozesssteuerung und zur R\u00fcckverfolgbarkeit der Qualit\u00e4t liefert.<\/h5>\n<p>[\/et_pb_blurb][\/et_pb_column][et_pb_column type=&#8220;1_2&#8243; module_class=&#8220;background&#8220; _builder_version=&#8220;4.23.1&#8243; background_enable_image=&#8220;off&#8220; background_video_mp4=&#8220;https:\/\/haitianinter.com\/wp-content\/uploads\/sites\/3\/2024\/03\/Flexible.mp4&#8243; custom_padding=&#8220;|||&#8220; global_colors_info=&#8220;{}&#8220; custom_padding__hover=&#8220;|||&#8220;][\/et_pb_column][\/et_pb_row][\/et_pb_section][et_pb_section fb_built=&#8220;1&#8243; admin_label=&#8220;Section\/Teaserbox with Text and Image&#8220; module_class=&#8220;section-text-image-box-withIcon noPadding-top&#8220; _builder_version=&#8220;4.23.1&#8243; locked=&#8220;off&#8220; global_colors_info=&#8220;{}&#8220;][et_pb_row column_structure=&#8220;1_2,1_2&#8243; make_equal=&#8220;on&#8220; admin_label=&#8220;Zeile&#8220; _builder_version=&#8220;4.23.1&#8243; background_size=&#8220;initial&#8220; background_position=&#8220;top_left&#8220; background_repeat=&#8220;repeat&#8220; min_height_tablet=&#8220;&#8220; min_height_phone=&#8220;&#8220; min_height_last_edited=&#8220;on|desktop&#8220; custom_padding=&#8220;0px||0px||true|false&#8220; global_colors_info=&#8220;{}&#8220;][et_pb_column type=&#8220;1_2&#8243; module_class=&#8220;background&#8220; _builder_version=&#8220;4.23.1&#8243; background_enable_image=&#8220;off&#8220; background_video_mp4=&#8220;https:\/\/haitianinter.com\/wp-content\/uploads\/sites\/3\/2024\/03\/Sustainabile.mp4&#8243; custom_padding=&#8220;|||&#8220; global_colors_info=&#8220;{}&#8220; custom_padding__hover=&#8220;|||&#8220;][\/et_pb_column][et_pb_column type=&#8220;1_2&#8243; _builder_version=&#8220;4.22.2&#8243; global_colors_info=&#8220;{}&#8220; custom_padding__hover=&#8220;|||&#8220;][et_pb_blurb image=&#8220;https:\/\/haitianinter.com\/wp-content\/uploads\/sites\/3\/2024\/03\/Icon_solutions_400.png&#8220; image_icon_width=&#8220;30%&#8220; icon_alignment=&#8220;left&#8220; _builder_version=&#8220;4.23.1&#8243; _module_preset=&#8220;default&#8220; header_level=&#8220;h6&#8243; image_icon_custom_margin=&#8220;||0px||false|false&#8220; global_colors_info=&#8220;{}&#8220;]<\/p>\n<h4>Nachhaltige L\u00f6sungen<\/h4>\n<h5>Bei der Entwicklung von energiesparenden Technologien und Maschinen sind wir seit Jahren Vorreiter in der Branche.<br \/>\nWeitere Innovationen f\u00f6rdern den Einsatz von Rezyklaten zur Ressourcenschonung und das prozessbezogene Energiemanagement. <\/h5>\n<p>[\/et_pb_blurb][\/et_pb_column][\/et_pb_row][\/et_pb_section][et_pb_section fb_built=&#8220;1&#8243; module_class=&#8220;section-carousel-slider-post&#8220; _builder_version=&#8220;4.23.1&#8243; _module_preset=&#8220;default&#8220; locked=&#8220;off&#8220; global_colors_info=&#8220;{}&#8220;][et_pb_row _builder_version=&#8220;4.23.1&#8243; _module_preset=&#8220;default&#8220; global_colors_info=&#8220;{}&#8220;][et_pb_column type=&#8220;4_4&#8243; _builder_version=&#8220;4.23.1&#8243; _module_preset=&#8220;default&#8220; global_colors_info=&#8220;{}&#8220;][et_pb_text _builder_version=&#8220;4.23.1&#8243; _module_preset=&#8220;default&#8220; text_orientation=&#8220;center&#8220; global_colors_info=&#8220;{}&#8220;]<\/p>\n<h3>Verwandte Beitr\u00e4ge<\/h3>\n<p>[\/et_pb_text][\/et_pb_column][\/et_pb_row][et_pb_row _builder_version=&#8220;4.22.2&#8243; _module_preset=&#8220;default&#8220; locked=&#8220;off&#8220; global_colors_info=&#8220;{}&#8220;][et_pb_column type=&#8220;4_4&#8243; _builder_version=&#8220;4.22.2&#8243; _module_preset=&#8220;default&#8220; global_colors_info=&#8220;{}&#8220;][et_pb_blog_extras blog_layout=&#8220;slider&#8220; slider_layout=&#8220;vertical_grid&#8220; meta_date=&#8220;m\/j\/Y&#8220; excerpt_length=&#8220;100&#8243; use_read_more_button=&#8220;on&#8220; read_more_text=&#8220;more&#8220; show_author=&#8220;off&#8220; show_comments=&#8220;off&#8220; slides_per_view=&#8220;3&#8243; slider_loop=&#8220;on&#8220; autoplay=&#8220;off&#8220; show_arrow=&#8220;on&#8220; show_arrow_on_hover=&#8220;on&#8220; slides_per_view_tablet=&#8220;3&#8243; slides_per_view_phone=&#8220;1&#8243; slides_per_view_last_edited=&#8220;on|phone&#8220; space_between_slides_tablet=&#8220;&#8220; space_between_slides_phone=&#8220;10px&#8220; space_between_slides_last_edited=&#8220;on|phone&#8220; _builder_version=&#8220;4.23.1&#8243; _module_preset=&#8220;default&#8220; header_level=&#8220;h4&#8243; read_more_alignment=&#8220;center&#8220; global_colors_info=&#8220;{}&#8220;][\/et_pb_blog_extras][\/et_pb_column][\/et_pb_row][\/et_pb_section]<\/p>\n","protected":false},"excerpt":{"rendered":"<p>Neuentwicklungen und Produktinnovationen orientieren sich strikt an den Kundenanforderungen im jeweiligen Anwendungskontext, ohne dass zus\u00e4tzliche Kosten entstehen. J\u00fcngstes Vorzeigeprojekt ist unser f\u00fcnfte Technologiegeneration: kontinuierliche Qualit\u00e4ts- und Effizienzverbesserungen, digitale Intelligenz und nachhaltige L\u00f6sungen.Intelligente Technologie Haitian kombiniert innovative Hardware in seinen Maschinen mit digitaler Intelligenz durch KI und Sensoren f\u00fcr eine effizientere Produktion. Wir streben nach Innovation, [&hellip;]<\/p>\n","protected":false},"author":3,"featured_media":0,"parent":240,"menu_order":0,"comment_status":"closed","ping_status":"closed","template":"","meta":{"_et_pb_use_builder":"on","_et_pb_old_content":"","_et_gb_content_width":"","footnotes":""},"class_list":["post-187","page","type-page","status-publish","hentry"],"yoast_head":"<!-- This site is optimized with the Yoast SEO plugin v27.2 - https:\/\/yoast.com\/product\/yoast-seo-wordpress\/ -->\n<title>Produktstrategie - Haitian Plastics Machinery<\/title>\n<meta name=\"robots\" content=\"index, follow, max-snippet:-1, max-image-preview:large, max-video-preview:-1\" \/>\n<link rel=\"canonical\" href=\"https:\/\/haitianpm.com\/de\/produkte\/produktstrategie\/\" \/>\n<meta property=\"og:locale\" content=\"de_DE\" \/>\n<meta property=\"og:type\" content=\"article\" \/>\n<meta property=\"og:title\" content=\"Produktstrategie - Haitian Plastics Machinery\" \/>\n<meta property=\"og:description\" content=\"Neuentwicklungen und Produktinnovationen orientieren sich strikt an den Kundenanforderungen im jeweiligen Anwendungskontext, ohne dass zus\u00e4tzliche Kosten entstehen. J\u00fcngstes Vorzeigeprojekt ist unser f\u00fcnfte Technologiegeneration: kontinuierliche Qualit\u00e4ts- und Effizienzverbesserungen, digitale Intelligenz und nachhaltige L\u00f6sungen.Intelligente Technologie Haitian kombiniert innovative Hardware in seinen Maschinen mit digitaler Intelligenz durch KI und Sensoren f\u00fcr eine effizientere Produktion. Wir streben nach Innovation, [&hellip;]\" \/>\n<meta property=\"og:url\" content=\"https:\/\/haitianpm.com\/de\/produkte\/produktstrategie\/\" \/>\n<meta property=\"og:site_name\" content=\"Haitian Plastics Machinery\" \/>\n<meta property=\"article:modified_time\" content=\"2025-01-15T14:24:33+00:00\" \/>\n<meta name=\"twitter:card\" content=\"summary_large_image\" \/>\n<meta name=\"twitter:label1\" content=\"Gesch\u00e4tzte Lesezeit\" \/>\n\t<meta name=\"twitter:data1\" content=\"6\u00a0Minuten\" \/>\n<script type=\"application\/ld+json\" class=\"yoast-schema-graph\">{\"@context\":\"https:\/\/schema.org\",\"@graph\":[{\"@type\":\"WebPage\",\"@id\":\"https:\/\/haitianpm.com\/de\/produkte\/produktstrategie\/\",\"url\":\"https:\/\/haitianpm.com\/de\/produkte\/produktstrategie\/\",\"name\":\"Produktstrategie - Haitian Plastics Machinery\",\"isPartOf\":{\"@id\":\"https:\/\/haitianpm.com\/de\/#website\"},\"datePublished\":\"2024-02-23T08:50:53+00:00\",\"dateModified\":\"2025-01-15T14:24:33+00:00\",\"breadcrumb\":{\"@id\":\"https:\/\/haitianpm.com\/de\/produkte\/produktstrategie\/#breadcrumb\"},\"inLanguage\":\"de\",\"potentialAction\":[{\"@type\":\"ReadAction\",\"target\":[\"https:\/\/haitianpm.com\/de\/produkte\/produktstrategie\/\"]}]},{\"@type\":\"BreadcrumbList\",\"@id\":\"https:\/\/haitianpm.com\/de\/produkte\/produktstrategie\/#breadcrumb\",\"itemListElement\":[{\"@type\":\"ListItem\",\"position\":1,\"name\":\"Home\",\"item\":\"https:\/\/haitianpm.com\/de\/\"},{\"@type\":\"ListItem\",\"position\":2,\"name\":\"Produkte\",\"item\":\"https:\/\/haitianpm.com\/de\/produkte\/\"},{\"@type\":\"ListItem\",\"position\":3,\"name\":\"Produktstrategie\"}]},{\"@type\":\"WebSite\",\"@id\":\"https:\/\/haitianpm.com\/de\/#website\",\"url\":\"https:\/\/haitianpm.com\/de\/\",\"name\":\"Haitian Plastics Machinery\",\"description\":\"\",\"potentialAction\":[{\"@type\":\"SearchAction\",\"target\":{\"@type\":\"EntryPoint\",\"urlTemplate\":\"https:\/\/haitianpm.com\/de\/?s={search_term_string}\"},\"query-input\":{\"@type\":\"PropertyValueSpecification\",\"valueRequired\":true,\"valueName\":\"search_term_string\"}}],\"inLanguage\":\"de\"}]}<\/script>\n<!-- \/ Yoast SEO plugin. -->","yoast_head_json":{"title":"Produktstrategie - Haitian Plastics Machinery","robots":{"index":"index","follow":"follow","max-snippet":"max-snippet:-1","max-image-preview":"max-image-preview:large","max-video-preview":"max-video-preview:-1"},"canonical":"https:\/\/haitianpm.com\/de\/produkte\/produktstrategie\/","og_locale":"de_DE","og_type":"article","og_title":"Produktstrategie - Haitian Plastics Machinery","og_description":"Neuentwicklungen und Produktinnovationen orientieren sich strikt an den Kundenanforderungen im jeweiligen Anwendungskontext, ohne dass zus\u00e4tzliche Kosten entstehen. J\u00fcngstes Vorzeigeprojekt ist unser f\u00fcnfte Technologiegeneration: kontinuierliche Qualit\u00e4ts- und Effizienzverbesserungen, digitale Intelligenz und nachhaltige L\u00f6sungen.Intelligente Technologie Haitian kombiniert innovative Hardware in seinen Maschinen mit digitaler Intelligenz durch KI und Sensoren f\u00fcr eine effizientere Produktion. Wir streben nach Innovation, [&hellip;]","og_url":"https:\/\/haitianpm.com\/de\/produkte\/produktstrategie\/","og_site_name":"Haitian Plastics Machinery","article_modified_time":"2025-01-15T14:24:33+00:00","twitter_card":"summary_large_image","twitter_misc":{"Gesch\u00e4tzte Lesezeit":"6\u00a0Minuten"},"schema":{"@context":"https:\/\/schema.org","@graph":[{"@type":"WebPage","@id":"https:\/\/haitianpm.com\/de\/produkte\/produktstrategie\/","url":"https:\/\/haitianpm.com\/de\/produkte\/produktstrategie\/","name":"Produktstrategie - Haitian Plastics Machinery","isPartOf":{"@id":"https:\/\/haitianpm.com\/de\/#website"},"datePublished":"2024-02-23T08:50:53+00:00","dateModified":"2025-01-15T14:24:33+00:00","breadcrumb":{"@id":"https:\/\/haitianpm.com\/de\/produkte\/produktstrategie\/#breadcrumb"},"inLanguage":"de","potentialAction":[{"@type":"ReadAction","target":["https:\/\/haitianpm.com\/de\/produkte\/produktstrategie\/"]}]},{"@type":"BreadcrumbList","@id":"https:\/\/haitianpm.com\/de\/produkte\/produktstrategie\/#breadcrumb","itemListElement":[{"@type":"ListItem","position":1,"name":"Home","item":"https:\/\/haitianpm.com\/de\/"},{"@type":"ListItem","position":2,"name":"Produkte","item":"https:\/\/haitianpm.com\/de\/produkte\/"},{"@type":"ListItem","position":3,"name":"Produktstrategie"}]},{"@type":"WebSite","@id":"https:\/\/haitianpm.com\/de\/#website","url":"https:\/\/haitianpm.com\/de\/","name":"Haitian Plastics Machinery","description":"","potentialAction":[{"@type":"SearchAction","target":{"@type":"EntryPoint","urlTemplate":"https:\/\/haitianpm.com\/de\/?s={search_term_string}"},"query-input":{"@type":"PropertyValueSpecification","valueRequired":true,"valueName":"search_term_string"}}],"inLanguage":"de"}]}},"_links":{"self":[{"href":"https:\/\/haitianpm.com\/de\/wp-json\/wp\/v2\/pages\/187","targetHints":{"allow":["GET"]}}],"collection":[{"href":"https:\/\/haitianpm.com\/de\/wp-json\/wp\/v2\/pages"}],"about":[{"href":"https:\/\/haitianpm.com\/de\/wp-json\/wp\/v2\/types\/page"}],"author":[{"embeddable":true,"href":"https:\/\/haitianpm.com\/de\/wp-json\/wp\/v2\/users\/3"}],"replies":[{"embeddable":true,"href":"https:\/\/haitianpm.com\/de\/wp-json\/wp\/v2\/comments?post=187"}],"version-history":[{"count":6,"href":"https:\/\/haitianpm.com\/de\/wp-json\/wp\/v2\/pages\/187\/revisions"}],"predecessor-version":[{"id":198,"href":"https:\/\/haitianpm.com\/de\/wp-json\/wp\/v2\/pages\/187\/revisions\/198"}],"up":[{"embeddable":true,"href":"https:\/\/haitianpm.com\/de\/wp-json\/wp\/v2\/pages\/240"}],"wp:attachment":[{"href":"https:\/\/haitianpm.com\/de\/wp-json\/wp\/v2\/media?parent=187"}],"curies":[{"name":"wp","href":"https:\/\/api.w.org\/{rel}","templated":true}]}}