{"id":195,"date":"2024-03-05T13:10:41","date_gmt":"2024-03-05T13:10:41","guid":{"rendered":"https:\/\/haitianpm.com\/ht%c2%b7xtend\/"},"modified":"2025-02-24T08:31:37","modified_gmt":"2025-02-24T08:31:37","slug":"ht%c2%b7xtend","status":"publish","type":"page","link":"https:\/\/haitianpm.com\/de\/produkte\/ht%c2%b7xtend\/","title":{"rendered":"HT\u00b7XTEND"},"content":{"rendered":"<p>[et_pb_section fb_built=&#8220;1&#8243; fullwidth=&#8220;on&#8220; module_class=&#8220;teaser-image-under-text&#8220; _builder_version=&#8220;4.22.2&#8243; _module_preset=&#8220;default&#8220; locked=&#8220;off&#8220; global_colors_info=&#8220;{}&#8220;][et_pb_fullwidth_header title=&#8220;HT\u00b7XTEND&#8220; subhead=&#8220;Intelligente Funktionen im Standard&#8220; text_orientation=&#8220;center&#8220; header_fullscreen=&#8220;on&#8220; header_image_url=&#8220;https:\/\/haitianinter.com\/wp-content\/uploads\/sites\/3\/2024\/03\/HT_XTEND_Teaser.jpg&#8220; image_orientation=&#8220;bottom&#8220; _builder_version=&#8220;4.23.1&#8243; _module_preset=&#8220;default&#8220; background_enable_color=&#8220;off&#8220; background_layout=&#8220;light&#8220; global_colors_info=&#8220;{}&#8220;][\/et_pb_fullwidth_header][\/et_pb_section][et_pb_section fb_built=&#8220;1&#8243; module_class=&#8220;noPadding-top noPadding-bottom&#8220; _builder_version=&#8220;4.23.1&#8243; _module_preset=&#8220;default&#8220; custom_padding=&#8220;||||false|false&#8220; global_colors_info=&#8220;{}&#8220;][et_pb_row _builder_version=&#8220;4.23.1&#8243; _module_preset=&#8220;default&#8220; global_colors_info=&#8220;{}&#8220;][et_pb_column type=&#8220;4_4&#8243; _builder_version=&#8220;4.23.1&#8243; _module_preset=&#8220;default&#8220; global_colors_info=&#8220;{}&#8220;][et_pb_image src=&#8220;https:\/\/haitianinter.com\/wp-content\/uploads\/sites\/3\/2024\/03\/XTEND_Grafik_Icons-1.svg&#8220; title_text=&#8220;XTEND Grafik-Symbole&#8220; _builder_version=&#8220;4.23.1&#8243; _module_preset=&#8220;default&#8220; max_width=&#8220;800px&#8220; module_alignment=&#8220;center&#8220; global_colors_info=&#8220;{}&#8220;][\/et_pb_image][\/et_pb_column][\/et_pb_row][et_pb_row _builder_version=&#8220;4.23.1&#8243; _module_preset=&#8220;default&#8220; global_colors_info=&#8220;{}&#8220;][et_pb_column type=&#8220;4_4&#8243; _builder_version=&#8220;4.23.1&#8243; _module_preset=&#8220;default&#8220; global_colors_info=&#8220;{}&#8220;][et_pb_text _builder_version=&#8220;4.23.1&#8243; _module_preset=&#8220;default&#8220; global_colors_info=&#8220;{}&#8220;]<\/p>\n<h5 style=\"text-align: center\"><span><\/span><\/h5>\n<h5 style=\"text-align: center\"><span>HT\u00b7XTEND-Merkmale geh\u00f6ren zur Standardausstattung unserer Spritzgie\u00dfmaschinen.<br \/>\nEine umfassende Sammlung intelligenter Funktionen, die f\u00fcr die Prozessoptimierung, die Serviceeffizienz und die optimierte Produktion als Ganzes entwickelt wurden.<br \/>\nErleben Sie die Zukunft der Spritzgie\u00dftechnologie, in der Intelligenz zum Standard geh\u00f6rt.  <\/span><\/h5>\n<p>[\/et_pb_text][\/et_pb_column][\/et_pb_row][\/et_pb_section][et_pb_section fb_built=&#8220;1&#8243; admin_label=&#8220;Section Image-Text-Box-light&#8220; module_class=&#8220;section-text-image-box&#8220; _builder_version=&#8220;4.22.2&#8243; _module_preset=&#8220;default&#8220; locked=&#8220;off&#8220; global_colors_info=&#8220;{}&#8220;][et_pb_row column_structure=&#8220;1_2,1_2&#8243; use_custom_gutter=&#8220;on&#8220; make_equal=&#8220;on&#8220; module_class=&#8220;icon-mirror-right&#8220; _builder_version=&#8220;4.23.1&#8243; _module_preset=&#8220;default&#8220; background_enable_color=&#8220;off&#8220; custom_padding=&#8220;0px||0px||true|false&#8220; global_colors_info=&#8220;{}&#8220;][et_pb_column type=&#8220;1_2&#8243; module_class=&#8220;light&#8220; _builder_version=&#8220;4.22.2&#8243; _module_preset=&#8220;default&#8220; background_enable_color=&#8220;off&#8220; global_colors_info=&#8220;{}&#8220;][et_pb_text admin_label=&#8220;Headline&#8220; _builder_version=&#8220;4.23.1&#8243; _module_preset=&#8220;default&#8220; global_colors_info=&#8220;{}&#8220;]<\/p>\n<h4>Intelligente Funktionen<\/h4>\n<p>[\/et_pb_text][et_pb_text admin_label=&#8220;Content&#8220; _builder_version=&#8220;4.23.1&#8243; _module_preset=&#8220;default&#8220; locked=&#8220;off&#8220; global_colors_info=&#8220;{}&#8220;]<\/p>\n<h5><span>Das HT\u00b7XTEND-Portfolio wird st\u00e4ndig erweitert.<br \/>\nAbgestimmt auf unsere vielf\u00e4ltigen Maschinenbaureihen profitieren Ihre Spritzgie\u00dfprozesse von spezialisierter, modernster Technologie ohne zus\u00e4tzliche Investitionen. <\/span><\/h5>\n<p>[\/et_pb_text][\/et_pb_column][et_pb_column type=&#8220;1_2&#8243; _builder_version=&#8220;4.23.1&#8243; _module_preset=&#8220;default&#8220; background_image=&#8220;https:\/\/haitianinter.com\/wp-content\/uploads\/sites\/3\/2024\/03\/HT-XTEND_IconsOverview.jpg&#8220; global_colors_info=&#8220;{}&#8220;][\/et_pb_column][\/et_pb_row][\/et_pb_section][et_pb_section fb_built=&#8220;1&#8243; admin_label=&#8220;Section: Content &#8211; Slider with Tabs &#8220; module_class=&#8220;section-tabs-slider&#8220; _builder_version=&#8220;4.23.1&#8243; _module_preset=&#8220;default&#8220; locked=&#8220;off&#8220; global_colors_info=&#8220;{}&#8220;][et_pb_row admin_label=&#8220;\u00dcberschrift und Tabfilter&#8220; module_class=&#8220;content-center&#8220; _builder_version=&#8220;4.23.1&#8243; _module_preset=&#8220;default&#8220; width=&#8220;60%&#8220; width_tablet=&#8220;80%&#8220; width_phone=&#8220;92%&#8220; width_last_edited=&#8220;on|phone&#8220; global_colors_info=&#8220;{}&#8220; width__hover_enabled=&#8220;off|desktop&#8220;][et_pb_column type=&#8220;4_4&#8243; _builder_version=&#8220;4.23.1&#8243; _module_preset=&#8220;default&#8220; global_colors_info=&#8220;{}&#8220;][et_pb_text admin_label=&#8220;Headline&#8220; _builder_version=&#8220;4.23.1&#8243; _module_preset=&#8220;default&#8220; custom_padding=&#8220;|2px||2px||&#8220; locked=&#8220;off&#8220; global_colors_info=&#8220;{}&#8220;]<\/p>\n<h2 style=\"text-align: center\">Im Blickpunkt<\/h2>\n<h5 style=\"text-align: center\">Entdecken Sie die intelligenten Standardfunktionen unserer Maschinen-Serien<\/h5>\n<p>[\/et_pb_text][et_pb_text admin_label=&#8220;Tab1&#8243; module_class=&#8220;more-link js-filter-tab tab-1&#8243; _builder_version=&#8220;4.27.4&#8243; _module_preset=&#8220;default&#8220; background_layout=&#8220;dark&#8220; custom_margin=&#8220;|30px|||false|false&#8220; hover_enabled=&#8220;0&#8243; global_colors_info=&#8220;{}&#8220; sticky_enabled=&#8220;0&#8243;]<\/p>\n<p>Zhafir Serien<\/p>\n<p>[\/et_pb_text][et_pb_text admin_label=&#8220;Tab2&#8243; module_class=&#8220;more-link js-filter-tab tab-2&#8243; _builder_version=&#8220;4.27.4&#8243; _module_preset=&#8220;default&#8220; background_layout=&#8220;dark&#8220; hover_enabled=&#8220;0&#8243; global_colors_info=&#8220;{}&#8220; sticky_enabled=&#8220;0&#8243;]<\/p>\n<p>Haitian Serien<\/p>\n<p>[\/et_pb_text][\/et_pb_column][\/et_pb_row][et_pb_row admin_label=&#8220;Inhalt Folien&#8220; module_class=&#8220;row-fullwidth&#8220; _builder_version=&#8220;4.23.1&#8243; _module_preset=&#8220;default&#8220; global_colors_info=&#8220;{}&#8220;][et_pb_column type=&#8220;4_4&#8243; module_class=&#8220;tabs-slider-filter&#8220; _builder_version=&#8220;4.23.1&#8243; _module_preset=&#8220;default&#8220; global_colors_info=&#8220;{}&#8220;][et_pb_blurb title=&#8220;HT\u00b7Inject&#8220; image=&#8220;https:\/\/haitianinter.com\/wp-content\/uploads\/sites\/3\/2024\/03\/XTEND_HTInject-1.jpg&#8220; image_icon_width=&#8220;100%&#8220; admin_label=&#8220;HT\u00b7Inject&#8220; module_class=&#8220;tab-2&#8243; _builder_version=&#8220;4.27.4&#8243; _module_preset=&#8220;default&#8220; background_enable_image=&#8220;off&#8220; background_size=&#8220;contain&#8220; hover_enabled=&#8220;0&#8243; global_colors_info=&#8220;{}&#8220; sticky_enabled=&#8220;0&#8243;]<\/p>\n<h5>optimiert den Einspritzvorgang in Echtzeit f\u00fcr stabile Produktgewichte und kompensiert automatisch St\u00f6rungen.<\/h5>\n<p>&nbsp;<\/p>\n<p>[\/et_pb_blurb][et_pb_blurb title=&#8220;HT\u00b7Energy&#8220; image=&#8220;https:\/\/haitianinter.com\/wp-content\/uploads\/sites\/3\/2024\/03\/XTEND_HTEnergy-1.jpg&#8220; image_icon_width=&#8220;100%&#8220; admin_label=&#8220;HT\u00b7 Energy&#8220; module_class=&#8220;tab-2&#8243; _builder_version=&#8220;4.27.4&#8243; _module_preset=&#8220;default&#8220; background_enable_image=&#8220;off&#8220; background_size=&#8220;contain&#8220; hover_enabled=&#8220;0&#8243; global_colors_info=&#8220;{}&#8220; sticky_enabled=&#8220;0&#8243;]<\/p>\n<h5>standardisiert die Energie\u00fcberwachung, -verwaltung und -analyse f\u00fcr optimierte Produktionsentscheidungen.<\/h5>\n<p>&nbsp;<\/p>\n<p>[\/et_pb_blurb][et_pb_blurb title=&#8220;HT\u00b7Charge&#8220; image=&#8220;https:\/\/haitianinter.com\/wp-content\/uploads\/sites\/3\/2024\/03\/XTEND_HTCharge-1.jpg&#8220; admin_label=&#8220;HT\u00b7Charge&#8220; module_class=&#8220;tab-2&#8243; _builder_version=&#8220;4.27.4&#8243; _module_preset=&#8220;default&#8220; background_enable_image=&#8220;off&#8220; background_size=&#8220;contain&#8220; hover_enabled=&#8220;0&#8243; global_colors_info=&#8220;{}&#8220; sticky_enabled=&#8220;0&#8243;]<\/p>\n<h5>optimiert das Dosieren, reduziert die Geschwindigkeit und die Energie und verringert den Verschlei\u00df des Schneckenzylinders f\u00fcr eine bessere Langlebigkeit und Effizienz.<\/h5>\n<p>&nbsp;<\/p>\n<p>[\/et_pb_blurb][et_pb_blurb title=&#8220;HT\u00b7Clamp&#8220; image=&#8220;https:\/\/haitianinter.com\/wp-content\/uploads\/sites\/3\/2024\/03\/XTEND_HTLubricate-1.jpg&#8220; admin_label=&#8220;HT\u00b7 Clamp&#8220; module_class=&#8220;tab-2&#8243; _builder_version=&#8220;4.27.4&#8243; _module_preset=&#8220;default&#8220; background_enable_image=&#8220;off&#8220; background_size=&#8220;contain&#8220; hover_enabled=&#8220;0&#8243; global_colors_info=&#8220;{}&#8220; sticky_enabled=&#8220;0&#8243;]<\/p>\n<h5>verbessert die Pr\u00e4zision und nutzt ein geschlossenes Regelsystem f\u00fcr einen reibungslosen, selbstregulierenden Betrieb und Energieeinsparungen.<\/h5>\n<p>&nbsp;<\/p>\n<p>[\/et_pb_blurb][et_pb_blurb title=&#8220;HT\u00b7Lubricate&#8220; image=&#8220;https:\/\/haitianinter.com\/wp-content\/uploads\/sites\/3\/2024\/03\/XTEND_HTLubricate-1.jpg&#8220; admin_label=&#8220;HT\u00b7 Lubricate&#8220; module_class=&#8220;tab-2&#8243; _builder_version=&#8220;4.27.4&#8243; _module_preset=&#8220;default&#8220; background_enable_image=&#8220;off&#8220; background_size=&#8220;contain&#8220; hover_enabled=&#8220;0&#8243; global_colors_info=&#8220;{}&#8220; sticky_enabled=&#8220;0&#8243;]<\/p>\n<h5>optimiert die Schmierung dynamisch, indem es das \u00d6l auf der Grundlage der Zykluszeiten und des Drucks anpasst, um einen pr\u00e4zisen und effizienten Einsatz zu gew\u00e4hrleisten.<\/h5>\n<p>&nbsp;<\/p>\n<p>[\/et_pb_blurb][et_pb_blurb title=&#8220;HT\u00b7Diagnose&#8220; image=&#8220;https:\/\/haitianinter.com\/wp-content\/uploads\/sites\/3\/2024\/03\/XTEND_HTDiagnose-1.jpg&#8220; admin_label=&#8220;HT\u00b7 Diagnose&#8220; module_class=&#8220;tab-2&#8243; _builder_version=&#8220;4.27.4&#8243; _module_preset=&#8220;default&#8220; background_enable_image=&#8220;off&#8220; background_size=&#8220;contain&#8220; hover_enabled=&#8220;0&#8243; global_colors_info=&#8220;{}&#8220; sticky_enabled=&#8220;0&#8243;]<\/p>\n<h5><span>bietet eine topologische Struktur f\u00fcr Steuersysteme, die eine schnelle Identifizierung und Lokalisierung von Fehlern in Modulen f\u00fcr eine schnelle L\u00f6sung erm\u00f6glicht.<\/span><\/h5>\n<p>[\/et_pb_blurb][et_pb_blurb title=&#8220;HT\u00b7Inject&#8220; image=&#8220;https:\/\/haitianinter.com\/wp-content\/uploads\/sites\/3\/2024\/03\/XTEND_HTInject-1.jpg&#8220; image_icon_width=&#8220;100%&#8220; admin_label=&#8220;HT\u00b7Inject&#8220; module_class=&#8220;tab-1&#8243; _builder_version=&#8220;4.27.4&#8243; _module_preset=&#8220;default&#8220; background_enable_image=&#8220;off&#8220; background_size=&#8220;contain&#8220; hover_enabled=&#8220;0&#8243; global_colors_info=&#8220;{}&#8220; sticky_enabled=&#8220;0&#8243;]<\/p>\n<h5>optimiert den Einspritzvorgang in Echtzeit f\u00fcr stabile Produktgewichte und kompensiert automatisch St\u00f6rungen.<\/h5>\n<p>&nbsp;<\/p>\n<p>[\/et_pb_blurb][et_pb_blurb title=&#8220;HT\u00b7Pressure&#8220; image=&#8220;https:\/\/haitianinter.com\/wp-content\/uploads\/sites\/3\/2024\/03\/XTEND_HTPressure.jpg&#8220; admin_label=&#8220;HT\u00b7 Pressure&#8220; module_class=&#8220;tab-1&#8243; _builder_version=&#8220;4.27.4&#8243; _module_preset=&#8220;default&#8220; background_enable_image=&#8220;off&#8220; background_size=&#8220;contain&#8220; hover_enabled=&#8220;0&#8243; global_colors_info=&#8220;{}&#8220; sticky_enabled=&#8220;0&#8243;]<\/p>\n<h5><span>HT Pressure unterst\u00fctzt<\/span><span>ultrahochpr\u00e4zises Spritzen durch einen druckempfindlichen Sensor, Anti-Drift-Technologie und intelligente \u00dcberwachung und Kalibrierung des Druckursprungs.<\/span><\/h5>\n<p>&nbsp;<\/p>\n<p>[\/et_pb_blurb][et_pb_blurb title=&#8220;HT\u00b7Energy&#8220; image=&#8220;https:\/\/haitianinter.com\/wp-content\/uploads\/sites\/3\/2024\/03\/XTEND_HTEnergy-1.jpg&#8220; admin_label=&#8220;HT\u00b7 Energy&#8220; module_class=&#8220;tab-1&#8243; _builder_version=&#8220;4.27.4&#8243; _module_preset=&#8220;default&#8220; background_enable_image=&#8220;off&#8220; background_size=&#8220;contain&#8220; hover_enabled=&#8220;0&#8243; global_colors_info=&#8220;{}&#8220; sticky_enabled=&#8220;0&#8243;]<\/p>\n<h5>bietet sensorlose Energie\u00fcberwachung und -analyse f\u00fcr Maschinen und Bewegungen und erh\u00f6ht die Betriebstransparenz.<\/h5>\n<p>&nbsp;<\/p>\n<p>[\/et_pb_blurb][et_pb_blurb title=&#8220;HT\u00b7Protect&#8220; image=&#8220;https:\/\/haitianinter.com\/wp-content\/uploads\/sites\/3\/2024\/03\/XTEND_HTProtect.jpg&#8220; admin_label=&#8220;HT\u00b7 Protect&#8220; module_class=&#8220;tab-1&#8243; _builder_version=&#8220;4.27.4&#8243; _module_preset=&#8220;default&#8220; background_enable_image=&#8220;off&#8220; background_size=&#8220;contain&#8220; hover_enabled=&#8220;0&#8243; global_colors_info=&#8220;{}&#8220; sticky_enabled=&#8220;0&#8243;]<\/p>\n<h5>bietet Werkzeugschutz \u00fcber den gesamten Zyklus, mit empfindlicher Abweichungserkennung w\u00e4hrend des Schlie\u00dfens, und minimiert die Reaktionszeiten f\u00fcr maximalen Schutz.<\/h5>\n<p>&nbsp;<\/p>\n<p>[\/et_pb_blurb][et_pb_blurb title=&#8220;HT\u00b7HoldControl&#8220; image=&#8220;https:\/\/haitianinter.com\/wp-content\/uploads\/sites\/3\/2024\/03\/XTEND_HTHoldcontrol.jpg&#8220; admin_label=&#8220;HT\u00b7 HoldControl&#8220; module_class=&#8220;tab-1&#8243; _builder_version=&#8220;4.27.4&#8243; _module_preset=&#8220;default&#8220; background_enable_image=&#8220;off&#8220; background_size=&#8220;contain&#8220; hover_enabled=&#8220;0&#8243; global_colors_info=&#8220;{}&#8220; sticky_enabled=&#8220;0&#8243;]<\/p>\n<h5>unterst\u00fctzt das mehrstufige Einspritzen mit intelligenter Steuerung, verbessert die Qualit\u00e4t, reduziert den Verzug und Materialausschuss.<\/h5>\n<p>&nbsp;<\/p>\n<p>[\/et_pb_blurb][et_pb_blurb title=&#8220;HT\u00b7SpeedControl&#8220; image=&#8220;https:\/\/haitianinter.com\/wp-content\/uploads\/sites\/3\/2024\/03\/XTEND_HTSpeedControl.jpg&#8220; admin_label=&#8220;HT\u00b7 SpeedControl&#8220; module_class=&#8220;tab-1&#8243; _builder_version=&#8220;4.27.4&#8243; _module_preset=&#8220;default&#8220; background_enable_image=&#8220;off&#8220; background_size=&#8220;contain&#8220; hover_enabled=&#8220;0&#8243; global_colors_info=&#8220;{}&#8220; sticky_enabled=&#8220;0&#8243;]<\/p>\n<h5><span>unterst\u00fctzt eine mehrstufige Einspritzgeschwindigkeit und optimiert die Scherung, Druck und Temperatur, um die Oberfl\u00e4chenqualit\u00e4t zu verbessern und den Ausschuss zu reduzieren.<\/span><\/h5>\n<p>&nbsp;<\/p>\n<p>[\/et_pb_blurb][\/et_pb_column][\/et_pb_row][\/et_pb_section]<\/p>\n","protected":false},"excerpt":{"rendered":"<p>HT\u00b7XTEND-Merkmale geh\u00f6ren zur Standardausstattung unserer Spritzgie\u00dfmaschinen. Eine umfassende Sammlung intelligenter Funktionen, die f\u00fcr die Prozessoptimierung, die Serviceeffizienz und die optimierte Produktion als Ganzes entwickelt wurden. Erleben Sie die Zukunft der Spritzgie\u00dftechnologie, in der Intelligenz zum Standard geh\u00f6rt. Intelligente FunktionenDas HT\u00b7XTEND-Portfolio wird st\u00e4ndig erweitert. Abgestimmt auf unsere vielf\u00e4ltigen Maschinenbaureihen profitieren Ihre Spritzgie\u00dfprozesse von spezialisierter, modernster Technologie [&hellip;]<\/p>\n","protected":false},"author":5,"featured_media":0,"parent":240,"menu_order":0,"comment_status":"closed","ping_status":"closed","template":"","meta":{"_et_pb_use_builder":"on","_et_pb_old_content":"","_et_gb_content_width":"","footnotes":""},"class_list":["post-195","page","type-page","status-publish","hentry"],"yoast_head":"<!-- This site is optimized with the Yoast SEO plugin v27.2 - https:\/\/yoast.com\/product\/yoast-seo-wordpress\/ -->\n<title>HT\u00b7XTEND - Haitian Plastics Machinery<\/title>\n<meta name=\"robots\" content=\"index, follow, max-snippet:-1, max-image-preview:large, max-video-preview:-1\" \/>\n<link rel=\"canonical\" href=\"https:\/\/haitianpm.com\/de\/produkte\/ht%c2%b7xtend\/\" \/>\n<meta property=\"og:locale\" content=\"de_DE\" \/>\n<meta property=\"og:type\" content=\"article\" \/>\n<meta property=\"og:title\" content=\"HT\u00b7XTEND - Haitian Plastics Machinery\" \/>\n<meta property=\"og:description\" content=\"HT\u00b7XTEND-Merkmale geh\u00f6ren zur Standardausstattung unserer Spritzgie\u00dfmaschinen. Eine umfassende Sammlung intelligenter Funktionen, die f\u00fcr die Prozessoptimierung, die Serviceeffizienz und die optimierte Produktion als Ganzes entwickelt wurden. Erleben Sie die Zukunft der Spritzgie\u00dftechnologie, in der Intelligenz zum Standard geh\u00f6rt. Intelligente FunktionenDas HT\u00b7XTEND-Portfolio wird st\u00e4ndig erweitert. Abgestimmt auf unsere vielf\u00e4ltigen Maschinenbaureihen profitieren Ihre Spritzgie\u00dfprozesse von spezialisierter, modernster Technologie [&hellip;]\" \/>\n<meta property=\"og:url\" content=\"https:\/\/haitianpm.com\/de\/produkte\/ht%c2%b7xtend\/\" \/>\n<meta property=\"og:site_name\" content=\"Haitian Plastics Machinery\" \/>\n<meta property=\"article:modified_time\" content=\"2025-02-24T08:31:37+00:00\" \/>\n<meta name=\"twitter:card\" content=\"summary_large_image\" \/>\n<meta name=\"twitter:label1\" content=\"Gesch\u00e4tzte Lesezeit\" \/>\n\t<meta name=\"twitter:data1\" content=\"7\u00a0Minuten\" \/>\n<script type=\"application\/ld+json\" class=\"yoast-schema-graph\">{\"@context\":\"https:\/\/schema.org\",\"@graph\":[{\"@type\":\"WebPage\",\"@id\":\"https:\/\/haitianpm.com\/de\/produkte\/ht%c2%b7xtend\/\",\"url\":\"https:\/\/haitianpm.com\/de\/produkte\/ht%c2%b7xtend\/\",\"name\":\"HT\u00b7XTEND - Haitian Plastics Machinery\",\"isPartOf\":{\"@id\":\"https:\/\/haitianpm.com\/de\/#website\"},\"datePublished\":\"2024-03-05T13:10:41+00:00\",\"dateModified\":\"2025-02-24T08:31:37+00:00\",\"breadcrumb\":{\"@id\":\"https:\/\/haitianpm.com\/de\/produkte\/ht%c2%b7xtend\/#breadcrumb\"},\"inLanguage\":\"de\",\"potentialAction\":[{\"@type\":\"ReadAction\",\"target\":[\"https:\/\/haitianpm.com\/de\/produkte\/ht%c2%b7xtend\/\"]}]},{\"@type\":\"BreadcrumbList\",\"@id\":\"https:\/\/haitianpm.com\/de\/produkte\/ht%c2%b7xtend\/#breadcrumb\",\"itemListElement\":[{\"@type\":\"ListItem\",\"position\":1,\"name\":\"Home\",\"item\":\"https:\/\/haitianpm.com\/de\/\"},{\"@type\":\"ListItem\",\"position\":2,\"name\":\"Produkte\",\"item\":\"https:\/\/haitianpm.com\/de\/produkte\/\"},{\"@type\":\"ListItem\",\"position\":3,\"name\":\"HT\u00b7XTEND\"}]},{\"@type\":\"WebSite\",\"@id\":\"https:\/\/haitianpm.com\/de\/#website\",\"url\":\"https:\/\/haitianpm.com\/de\/\",\"name\":\"Haitian Plastics Machinery\",\"description\":\"\",\"potentialAction\":[{\"@type\":\"SearchAction\",\"target\":{\"@type\":\"EntryPoint\",\"urlTemplate\":\"https:\/\/haitianpm.com\/de\/?s={search_term_string}\"},\"query-input\":{\"@type\":\"PropertyValueSpecification\",\"valueRequired\":true,\"valueName\":\"search_term_string\"}}],\"inLanguage\":\"de\"}]}<\/script>\n<!-- \/ Yoast SEO plugin. -->","yoast_head_json":{"title":"HT\u00b7XTEND - Haitian Plastics Machinery","robots":{"index":"index","follow":"follow","max-snippet":"max-snippet:-1","max-image-preview":"max-image-preview:large","max-video-preview":"max-video-preview:-1"},"canonical":"https:\/\/haitianpm.com\/de\/produkte\/ht%c2%b7xtend\/","og_locale":"de_DE","og_type":"article","og_title":"HT\u00b7XTEND - Haitian Plastics Machinery","og_description":"HT\u00b7XTEND-Merkmale geh\u00f6ren zur Standardausstattung unserer Spritzgie\u00dfmaschinen. Eine umfassende Sammlung intelligenter Funktionen, die f\u00fcr die Prozessoptimierung, die Serviceeffizienz und die optimierte Produktion als Ganzes entwickelt wurden. Erleben Sie die Zukunft der Spritzgie\u00dftechnologie, in der Intelligenz zum Standard geh\u00f6rt. Intelligente FunktionenDas HT\u00b7XTEND-Portfolio wird st\u00e4ndig erweitert. Abgestimmt auf unsere vielf\u00e4ltigen Maschinenbaureihen profitieren Ihre Spritzgie\u00dfprozesse von spezialisierter, modernster Technologie [&hellip;]","og_url":"https:\/\/haitianpm.com\/de\/produkte\/ht%c2%b7xtend\/","og_site_name":"Haitian Plastics Machinery","article_modified_time":"2025-02-24T08:31:37+00:00","twitter_card":"summary_large_image","twitter_misc":{"Gesch\u00e4tzte Lesezeit":"7\u00a0Minuten"},"schema":{"@context":"https:\/\/schema.org","@graph":[{"@type":"WebPage","@id":"https:\/\/haitianpm.com\/de\/produkte\/ht%c2%b7xtend\/","url":"https:\/\/haitianpm.com\/de\/produkte\/ht%c2%b7xtend\/","name":"HT\u00b7XTEND - Haitian Plastics Machinery","isPartOf":{"@id":"https:\/\/haitianpm.com\/de\/#website"},"datePublished":"2024-03-05T13:10:41+00:00","dateModified":"2025-02-24T08:31:37+00:00","breadcrumb":{"@id":"https:\/\/haitianpm.com\/de\/produkte\/ht%c2%b7xtend\/#breadcrumb"},"inLanguage":"de","potentialAction":[{"@type":"ReadAction","target":["https:\/\/haitianpm.com\/de\/produkte\/ht%c2%b7xtend\/"]}]},{"@type":"BreadcrumbList","@id":"https:\/\/haitianpm.com\/de\/produkte\/ht%c2%b7xtend\/#breadcrumb","itemListElement":[{"@type":"ListItem","position":1,"name":"Home","item":"https:\/\/haitianpm.com\/de\/"},{"@type":"ListItem","position":2,"name":"Produkte","item":"https:\/\/haitianpm.com\/de\/produkte\/"},{"@type":"ListItem","position":3,"name":"HT\u00b7XTEND"}]},{"@type":"WebSite","@id":"https:\/\/haitianpm.com\/de\/#website","url":"https:\/\/haitianpm.com\/de\/","name":"Haitian Plastics Machinery","description":"","potentialAction":[{"@type":"SearchAction","target":{"@type":"EntryPoint","urlTemplate":"https:\/\/haitianpm.com\/de\/?s={search_term_string}"},"query-input":{"@type":"PropertyValueSpecification","valueRequired":true,"valueName":"search_term_string"}}],"inLanguage":"de"}]}},"_links":{"self":[{"href":"https:\/\/haitianpm.com\/de\/wp-json\/wp\/v2\/pages\/195","targetHints":{"allow":["GET"]}}],"collection":[{"href":"https:\/\/haitianpm.com\/de\/wp-json\/wp\/v2\/pages"}],"about":[{"href":"https:\/\/haitianpm.com\/de\/wp-json\/wp\/v2\/types\/page"}],"author":[{"embeddable":true,"href":"https:\/\/haitianpm.com\/de\/wp-json\/wp\/v2\/users\/5"}],"replies":[{"embeddable":true,"href":"https:\/\/haitianpm.com\/de\/wp-json\/wp\/v2\/comments?post=195"}],"version-history":[{"count":3,"href":"https:\/\/haitianpm.com\/de\/wp-json\/wp\/v2\/pages\/195\/revisions"}],"predecessor-version":[{"id":868,"href":"https:\/\/haitianpm.com\/de\/wp-json\/wp\/v2\/pages\/195\/revisions\/868"}],"up":[{"embeddable":true,"href":"https:\/\/haitianpm.com\/de\/wp-json\/wp\/v2\/pages\/240"}],"wp:attachment":[{"href":"https:\/\/haitianpm.com\/de\/wp-json\/wp\/v2\/media?parent=195"}],"curies":[{"name":"wp","href":"https:\/\/api.w.org\/{rel}","templated":true}]}}